
{"id":20964,"date":"2023-08-26T19:07:00","date_gmt":"2023-08-26T17:07:00","guid":{"rendered":"https:\/\/zxs4b.com\/?post_type=product&#038;p=20964"},"modified":"2024-11-02T20:43:47","modified_gmt":"2024-11-02T19:43:47","slug":"microprocesador-z80-dip40-z84c0020pec-z84c0020-84c0020","status":"publish","type":"product","link":"http:\/\/zxs4b.com\/es\/producto\/microprocesador-z80-dip40-z84c0020pec-z84c0020-84c0020\/","title":{"rendered":"Microprocesador Z80 DIP40 Z84C0020PEC, Z84C0020, 84C0020"},"content":{"rendered":"<p>El\u00a0<b>Zilog Z80<\/b>\u00a0(<b>Z80<\/b>) es un\u00a0<a title=\"Microprocesador\" href=\"https:\/\/es.wikipedia.org\/wiki\/Microprocesador\">microprocesador<\/a>\u00a0de 8\u00a0<a title=\"Bit\" href=\"https:\/\/es.wikipedia.org\/wiki\/Bit\">bits<\/a>\u00a0cuya\u00a0<a class=\"mw-redirect\" title=\"Arquitectura (inform\u00e1tica)\" href=\"https:\/\/es.wikipedia.org\/wiki\/Arquitectura_(inform%C3%A1tica)\">arquitectura<\/a>\u00a0se encuentra a medio camino entre la organizaci\u00f3n de\u00a0<a title=\"Acumulador (inform\u00e1tica)\" href=\"https:\/\/es.wikipedia.org\/wiki\/Acumulador_(inform%C3%A1tica)\">acumulador<\/a>\u00a0y de registros generales. Si consideramos al Z80 como procesador de arquitectura de registros generales, se sit\u00faa dentro del tipo de\u00a0<a class=\"new\" title=\"Registro-memoria (a\u00fan no redactado)\" href=\"https:\/\/es.wikipedia.org\/w\/index.php?title=Registro-memoria&amp;action=edit&amp;redlink=1\">registro-memoria<\/a>.<\/p>\n<p>Fue lanzado al mercado en marzo de\u00a0<a title=\"1976\" href=\"https:\/\/es.wikipedia.org\/wiki\/1976\">1976<\/a>\u00a0por la compa\u00f1\u00eda\u00a0<a class=\"mw-redirect\" title=\"Zilog\" href=\"https:\/\/es.wikipedia.org\/wiki\/Zilog\">Zilog<\/a>, y se populariz\u00f3 en los a\u00f1os 1980 a trav\u00e9s de ordenadores como el\u00a0<a title=\"Sinclair ZX Spectrum\" href=\"https:\/\/es.wikipedia.org\/wiki\/Sinclair_ZX_Spectrum\">Sinclair ZX Spectrum<\/a>,\u00a0<a title=\"Amstrad CPC\" href=\"https:\/\/es.wikipedia.org\/wiki\/Amstrad_CPC\">Amstrad CPC<\/a>\u00a0o los ordenadores de sistema\u00a0<a title=\"MSX\" href=\"https:\/\/es.wikipedia.org\/wiki\/MSX\">MSX<\/a>. Es uno de los procesadores de m\u00e1s \u00e9xito del mercado, del cual se han producido infinidad de versiones cl\u00f3nicas, y sigue siendo usado de forma extensiva en la actualidad en multitud de\u00a0<a title=\"Sistema embebido\" href=\"https:\/\/es.wikipedia.org\/wiki\/Sistema_embebido\">sistemas embebidos<\/a>.<\/p>\n<p>La velocidad de esta referencia es de 20Mhz<\/p>\n<p>IC2 para el momtaje de la recreacion de del zx spectrum 48k issue 4b\u00a0 &#8220;zxs4b.com&#8221;<\/p>\n","protected":false},"excerpt":{"rendered":"<p>Microprocesador Z80 DIP40 Z84C0020PEC<\/p>\n","protected":false},"featured_media":20965,"comment_status":"open","ping_status":"closed","template":"","meta":{"_et_pb_use_builder":"","_et_pb_old_content":"","_et_gb_content_width":""},"product_brand":[],"product_cat":[25],"product_tag":[],"class_list":{"0":"post-20964","1":"product","2":"type-product","3":"status-publish","4":"has-post-thumbnail","6":"product_cat-sinclair","8":"first","9":"outofstock","10":"sale","11":"shipping-taxable","12":"purchasable","13":"product-type-simple"},"_links":{"self":[{"href":"http:\/\/zxs4b.com\/es\/wp-json\/wp\/v2\/product\/20964","targetHints":{"allow":["GET"]}}],"collection":[{"href":"http:\/\/zxs4b.com\/es\/wp-json\/wp\/v2\/product"}],"about":[{"href":"http:\/\/zxs4b.com\/es\/wp-json\/wp\/v2\/types\/product"}],"replies":[{"embeddable":true,"href":"http:\/\/zxs4b.com\/es\/wp-json\/wp\/v2\/comments?post=20964"}],"wp:featuredmedia":[{"embeddable":true,"href":"http:\/\/zxs4b.com\/es\/wp-json\/wp\/v2\/media\/20965"}],"wp:attachment":[{"href":"http:\/\/zxs4b.com\/es\/wp-json\/wp\/v2\/media?parent=20964"}],"wp:term":[{"taxonomy":"product_brand","embeddable":true,"href":"http:\/\/zxs4b.com\/es\/wp-json\/wp\/v2\/product_brand?post=20964"},{"taxonomy":"product_cat","embeddable":true,"href":"http:\/\/zxs4b.com\/es\/wp-json\/wp\/v2\/product_cat?post=20964"},{"taxonomy":"product_tag","embeddable":true,"href":"http:\/\/zxs4b.com\/es\/wp-json\/wp\/v2\/product_tag?post=20964"}],"curies":[{"name":"wp","href":"https:\/\/api.w.org\/{rel}","templated":true}]}}