
{"id":22,"date":"2023-08-05T21:31:22","date_gmt":"2023-08-05T19:31:22","guid":{"rendered":"https:\/\/zxs4b.mastercom.es\/?page_id=22"},"modified":"2023-12-25T12:49:31","modified_gmt":"2023-12-25T11:49:31","slug":"zx-spectrum-issue-4b","status":"publish","type":"page","link":"https:\/\/zxs4b.com\/en\/","title":{"rendered":"Replica PCB ZX Spectrum issue 4b"},"content":{"rendered":"<p>[et_pb_section fb_built=&#8221;1&#8243; admin_label=&#8221;Promotion&#8221; _builder_version=&#8221;4.23.1&#8243; _module_preset=&#8221;default&#8221; background_color=&#8221;#000000&#8243; custom_padding=&#8221;0vw||||false|false&#8221; hover_enabled=&#8221;0&#8243; collapsed=&#8221;off&#8221; global_colors_info=&#8221;{}&#8221; sticky_enabled=&#8221;0&#8243;][et_pb_row _builder_version=&#8221;4.23.2&#8243; _module_preset=&#8221;default&#8221; background_color=&#8221;#000000&#8243; background_image=&#8221;https:\/\/zxs4b.com\/wp-content\/uploads\/2023\/12\/PCB4BV1-scaled.webp&#8221; background_size=&#8221;contain&#8221; max_width=&#8221;none&#8221; module_alignment=&#8221;center&#8221; hover_enabled=&#8221;0&#8243; global_colors_info=&#8221;{}&#8221; title_text=&#8221;PCB4BV1&#8243; sticky_enabled=&#8221;0&#8243;][et_pb_column type=&#8221;4_4&#8243; _builder_version=&#8221;4.16&#8243; _module_preset=&#8221;default&#8221; global_colors_info=&#8221;{}&#8221;][et_pb_text _builder_version=&#8221;4.23.1&#8243; _module_preset=&#8221;3fc5abb1-35dc-424b-b073-9c70a2f7c68a&#8221; header_font=&#8221;||||||||&#8221; header_4_font=&#8221;Montserrat|800|||||||&#8221; header_4_text_align=&#8221;center&#8221; header_4_text_color=&#8221;rgba(255,255,255,0.7)&#8221; header_4_line_height=&#8221;1.5em&#8221; background_color=&#8221;#0a0202&#8243; custom_margin=&#8221;10px|100px|10px|100px|false|true&#8221; custom_padding=&#8221;10px||||false|false&#8221; hover_enabled=&#8221;0&#8243; header_4_font_size_tablet=&#8221;16px&#8221; header_4_font_size_phone=&#8221;14px&#8221; header_4_font_size_last_edited=&#8221;on|desktop&#8221; border_radii=&#8221;on|15px|15px|15px|15px&#8221; border_width_all=&#8221;4px&#8221; border_color_all=&#8221;#FFFFFF&#8221; locked=&#8221;off&#8221; global_colors_info=&#8221;{}&#8221; sticky_enabled=&#8221;0&#8243;]<\/p>\n<h1 style=\"text-align: center;\"><span style=\"color: #ffffff;\"><strong>R\u00e9plica ZX Spectrum issue 4B\u00a0 a\u00f1o 1983<\/strong><\/span><\/h1>\n<p>[\/et_pb_text][et_pb_image src=&#8221;https:\/\/zxs4b.com\/wp-content\/uploads\/2023\/08\/Sinclair-Blanco-zxs4b.webp&#8221; title_text=&#8221;Sinclair Blanco zxs4b&#8221; _builder_version=&#8221;4.23.2&#8243; _module_preset=&#8221;default&#8221; custom_margin=&#8221;||||false|false&#8221; custom_padding=&#8221;0px||0px||false|false&#8221; hover_enabled=&#8221;0&#8243; global_colors_info=&#8221;{}&#8221; sticky_enabled=&#8221;0&#8243;][\/et_pb_image][et_pb_text _builder_version=&#8221;4.22.1&#8243; _module_preset=&#8221;default&#8221; text_text_color=&#8221;#FFFFFF&#8221; background_color=&#8221;#000000&#8243; custom_margin=&#8221;|50px||50px|false|false&#8221; custom_padding=&#8221;10px|20px|10px|20px|false|false&#8221; border_radii=&#8221;on|15px|15px|15px|15px&#8221; border_width_all=&#8221;2px&#8221; border_color_all=&#8221;#FFFFFF&#8221; global_colors_info=&#8221;{}&#8221;]<\/p>\n<h4 style=\"text-align: center;\"><span style=\"color: #00ffff;\">Replica ZX Spectrum issue 4B 48K: Revive la \u00e9poca Dorada de los Videojuegos<\/span><\/h4>\n<p>Revive la \u00e9poca dorada de los videojuegos con la replica ZX Spectrum issue 4B 48K. Sum\u00e9rgete en la nostalgia mientras exploras el fascinante mundo DIY de la inform\u00e1tica vintage, y revive la era en la que los videojuegos comenzaron a conquistar los corazones de millones.<\/p>\n<p>\u00bfRecuerdas esos momentos m\u00e1gicos pasados frente a una pantalla, sumergi\u00e9ndote en mundos pixelados llenos de aventuras y desaf\u00edos? Ahora, con la Replica ZX Spectrum issue 4B, tienes la oportunidad de recrear esos momentos y experimentar la esencia misma de una era que defini\u00f3 la industria de los videojuegos.<\/p>\n<p>En nuestra tienda en l\u00ednea, te esperan todos los componentes y dise\u00f1os necesarios para que puedas construir tu propio ZX Spectrum issue 4B. Cada detalle ha sido cuidadosamente dise\u00f1ado para capturar la esencia y el estilo de aquella \u00e9poca. El proceso de construcci\u00f3n se convierte en un emocionante viaje en el tiempo, donde cada soldadura y conexi\u00f3n te acercan m\u00e1s a la autenticidad de un cl\u00e1sico que marc\u00f3 una generaci\u00f3n.<\/p>\n<p>No te preocupes si eres nuevo en este mundo, ya que hemos creado el Ibom ZX Spectrum issue 4B, una gu\u00eda completa que te proporciona toda la informaci\u00f3n que necesitas para llevar a cabo tu proyecto de la manera m\u00e1s exitosa. Paso a paso, encontrar\u00e1s instrucciones claras y precisas que te ayudar\u00e1n a dar vida a esta joya de la historia de los videojuegos.<\/p>\n<p>Mantente al d\u00eda con las \u00faltimas noticias, promociones y lanzamientos suscribi\u00e9ndote a nuestro bolet\u00edn. Adem\u00e1s, no olvides seguirnos en redes sociales para acceder a actualizaciones exclusivas y contenido especial. En este emocionante viaje al pasado, te acompa\u00f1aremos en cada paso y te brindaremos todo el apoyo necesario para que tu experiencia sea inolvidable.<\/p>\n<p>Prep\u00e1rate para embarcarte en un viaje en el tiempo, donde los pixeles cobran vida y las melod\u00edas retro despiertan emociones perdidas. La Replica ZX Spectrum issue 4B 48K es tu pasaporte a una \u00e9poca en la que la imaginaci\u00f3n se fusionaba con la tecnolog\u00eda, creando un legado que perdura hasta nuestros d\u00edas. \u00a1Bienvenido a la revoluci\u00f3n de la nostalgia, bienvenido a la era dorada de los videojuegos!<\/p>\n<p>[\/et_pb_text][et_pb_button button_url=&#8221;@ET-DC@eyJkeW5hbWljIjp0cnVlLCJjb250ZW50IjoicG9zdF9saW5rX3VybF9wcm9kdWN0Iiwic2V0dGluZ3MiOnsicG9zdF9pZCI6IjU0In19@&#8221; button_text=&#8221;Comprar&#8221; button_alignment=&#8221;center&#8221; admin_label=&#8221;Comprar&#8221; _builder_version=&#8221;4.22.1&#8243; _dynamic_attributes=&#8221;button_url&#8221; _module_preset=&#8221;57402ecc-5ea1-429d-9618-9190a3719bfd&#8221; custom_button=&#8221;on&#8221; button_text_size=&#8221;12px&#8221; button_text_color=&#8221;#000000&#8243; button_bg_color=&#8221;#FFFFFF&#8221; button_border_width=&#8221;0px&#8221; button_border_radius=&#8221;0px&#8221; button_letter_spacing=&#8221;1px&#8221; button_font=&#8221;Montserrat|800||on|||||&#8221; custom_padding=&#8221;20px|40px|20px|40px|true|true&#8221; locked=&#8221;off&#8221; global_colors_info=&#8221;{}&#8221;][\/et_pb_button][\/et_pb_column][\/et_pb_row][\/et_pb_section][et_pb_section fb_built=&#8221;1&#8243; _builder_version=&#8221;4.21.2&#8243; _module_preset=&#8221;default&#8221; global_colors_info=&#8221;{}&#8221;][et_pb_row admin_label=&#8221;row&#8221; _builder_version=&#8221;4.21.2&#8243; background_size=&#8221;initial&#8221; background_position=&#8221;top_left&#8221; background_repeat=&#8221;repeat&#8221; width=&#8221;90%&#8221; max_width=&#8221;1984px&#8221; module_alignment=&#8221;center&#8221; min_height=&#8221;1000px&#8221; border_radii=&#8221;on|3px|3px|3px|3px&#8221; border_width_all=&#8221;2px&#8221; border_color_all=&#8221;rgba(0,0,0,0.5)&#8221; box_shadow_style=&#8221;preset2&#8243; box_shadow_horizontal=&#8221;17px&#8221; box_shadow_vertical=&#8221;-9px&#8221; box_shadow_blur=&#8221;31px&#8221; global_colors_info=&#8221;{}&#8221;][et_pb_column type=&#8221;4_4&#8243; _builder_version=&#8221;4.16&#8243; custom_padding=&#8221;|||&#8221; global_colors_info=&#8221;{}&#8221; custom_padding__hover=&#8221;|||&#8221;][et_pb_text _builder_version=&#8221;4.22.1&#8243; _module_preset=&#8221;default&#8221; header_font_size=&#8221;29px&#8221; header_letter_spacing=&#8221;1px&#8221; background_color=&#8221;rgba(167,216,121,0.55)&#8221; custom_margin=&#8221;||||false|false&#8221; custom_padding=&#8221;10px||||false|false&#8221; animation_style=&#8221;bounce&#8221; header_text_shadow_style=&#8221;preset2&#8243; border_color_all=&#8221;#000000&#8243; box_shadow_style=&#8221;preset2&#8243; global_colors_info=&#8221;{}&#8221;]<\/p>\n<h2 style=\"text-align: center;\"><strong>Lista de componentes y layout del ZX Spectrum issue 4B<\/strong><\/h2>\n<p>[\/et_pb_text][et_pb_code _builder_version=&#8221;4.22.1&#8243; _module_preset=&#8221;default&#8221; width=&#8221;100%&#8221; global_colors_info=&#8221;{}&#8221;]1<!-- [et_pb_line_break_holder] --><iframe loading=\"lazy\" src=\"https:\/\/zxs4b.com\/wp-content\/uploads\/2023\/08\/ibom-Issue-4B.html\" height=\"630\" width=\"1920\"><\/iframe>[\/et_pb_code][et_pb_text admin_label=&#8221;Text&#8221; _builder_version=&#8221;4.21.2&#8243; background_size=&#8221;initial&#8221; background_position=&#8221;top_left&#8221; background_repeat=&#8221;repeat&#8221; text_orientation=&#8221;center&#8221; global_colors_info=&#8221;{}&#8221;]<\/p>\n<p><!-- divi:file {\"id\":19541,\"href\":\"https:\/\/zxs4b.mastercom.es\/wp-content\/uploads\/2023\/08\/ibom-Issue-4B.html\"} --><\/p>\n<div class=\"wp-block-file\"><a href=\"https:\/\/zxs4b.mastercom.es\/wp-content\/uploads\/2023\/08\/ibom-Issue-4B.html\" class=\"wp-block-file__button wp-element-button\" download=\"\" aria-describedby=\"wp-block-file--media-8bf28ca9-82c1-4980-9a75-99ba4f9869c5\">Descarga Ibom ZX Spctrum issue 4B<\/a><\/div>\n<p><!-- \/divi:file --><\/p>\n<p>[\/et_pb_text][\/et_pb_column][\/et_pb_row][\/et_pb_section]<\/p>\n","protected":false},"excerpt":{"rendered":"<p>R\u00e9plica ZX Spectrum issue 4B\u00a0 a\u00f1o 1983Replica ZX Spectrum issue 4B 48K: Revive la \u00e9poca Dorada de los Videojuegos Revive la \u00e9poca dorada de los videojuegos con la replica ZX Spectrum issue 4B 48K. Sum\u00e9rgete en la nostalgia mientras exploras el fascinante mundo DIY de la inform\u00e1tica vintage, y revive la era en la que [&hellip;]<\/p>\n","protected":false},"author":1,"featured_media":0,"parent":0,"menu_order":0,"comment_status":"closed","ping_status":"closed","template":"","meta":{"_et_pb_use_builder":"on","_et_pb_old_content":"","_et_gb_content_width":"","footnotes":""},"class_list":["post-22","page","type-page","status-publish","hentry"],"_links":{"self":[{"href":"https:\/\/zxs4b.com\/en\/wp-json\/wp\/v2\/pages\/22","targetHints":{"allow":["GET"]}}],"collection":[{"href":"https:\/\/zxs4b.com\/en\/wp-json\/wp\/v2\/pages"}],"about":[{"href":"https:\/\/zxs4b.com\/en\/wp-json\/wp\/v2\/types\/page"}],"author":[{"embeddable":true,"href":"https:\/\/zxs4b.com\/en\/wp-json\/wp\/v2\/users\/1"}],"replies":[{"embeddable":true,"href":"https:\/\/zxs4b.com\/en\/wp-json\/wp\/v2\/comments?post=22"}],"version-history":[{"count":0,"href":"https:\/\/zxs4b.com\/en\/wp-json\/wp\/v2\/pages\/22\/revisions"}],"wp:attachment":[{"href":"https:\/\/zxs4b.com\/en\/wp-json\/wp\/v2\/media?parent=22"}],"curies":[{"name":"wp","href":"https:\/\/api.w.org\/{rel}","templated":true}]}}